{"id":535,"date":"2019-08-31T15:20:45","date_gmt":"2019-08-31T13:20:45","guid":{"rendered":"http:\/\/www.rc-fil.eu\/?page_id=535"},"modified":"2019-08-31T19:13:27","modified_gmt":"2019-08-31T17:13:27","slug":"startseite","status":"publish","type":"page","link":"https:\/\/www.rc-fil.eu\/de\/","title":{"rendered":"Startseite"},"content":{"rendered":"<div class=\"wpb-content-wrapper\"><p>[vc_row][vc_column]\n\t\t\t<!-- START Home RC FIL DE REVOLUTION SLIDER 6.6.20 --><p class=\"rs-p-wp-fix\"><\/p>\n\t\t\t<rs-module-wrap id=\"rev_slider_4_1_wrapper\" data-source=\"gallery\" style=\"visibility:hidden;background:transparent;padding:0;\">\n\t\t\t\t<rs-module id=\"rev_slider_4_1\" style=\"\" data-version=\"6.6.20\">\n\t\t\t\t\t<rs-slides style=\"overflow: hidden; position: absolute;\">\n\t\t\t\t\t\t<rs-slide style=\"position: absolute;\" data-key=\"rs-4\" data-title=\"Slide\" data-anim=\"ms:600;r:0;\" data-in=\"o:0;\" data-out=\"a:false;\">\n\t\t\t\t\t\t\t<img decoding=\"async\" src=\"\/\/www.rc-fil.eu\/wp-content\/plugins\/revslider\/public\/assets\/assets\/dummy.png\" alt=\"Izdelava filtrov\" title=\"Izdelava filtrov in brizganje plasti\u010dnih izdelkov\" width=\"1900\" height=\"895\" class=\"rev-slidebg tp-rs-img rs-lazyload\" data-lazyload=\"\/\/www.rc-fil.eu\/wp-content\/uploads\/2019\/08\/izdelava-filtrov-rc-fil.jpg\" data-no-retina>\n<!--\n\t\t\t\t\t\t\t--><rs-layer\n\t\t\t\t\t\t\t\tid=\"slider-4-slide-4-layer-2\" \n\t\t\t\t\t\t\t\tdata-type=\"image\"\n\t\t\t\t\t\t\t\tdata-rsp_ch=\"on\"\n\t\t\t\t\t\t\t\tdata-xy=\"xo:20px,20px,80px,43px;y:b;yo:200px,200px,442px,180px;\"\n\t\t\t\t\t\t\t\tdata-text=\"l:22;a:inherit;\"\n\t\t\t\t\t\t\t\tdata-dim=\"w:['327px','327px','327px','327px'];h:['377px','377px','377px','377px'];\"\n\t\t\t\t\t\t\t\tdata-frame_0=\"tp:600;\"\n\t\t\t\t\t\t\t\tdata-frame_1=\"tp:600;st:200;sp:900;sR:200;\"\n\t\t\t\t\t\t\t\tdata-frame_999=\"o:0;tp:600;st:w;sR:7900;\"\n\t\t\t\t\t\t\t\tstyle=\"z-index:8;\"\n\t\t\t\t\t\t\t><img decoding=\"async\" src=\"\/\/www.rc-fil.eu\/wp-content\/plugins\/revslider\/public\/assets\/assets\/dummy.png\" alt=\"\" class=\"tp-rs-img rs-lazyload\" width=\"327\" height=\"377\" data-lazyload=\"\/\/www.rc-fil.eu\/wp-content\/uploads\/2019\/08\/rc-fil-slide-text-frame.png\" data-no-retina> \n\t\t\t\t\t\t\t<\/rs-layer><!--\n\n\t\t\t\t\t\t\t--><h2\n\t\t\t\t\t\t\t\tid=\"slider-4-slide-4-layer-3\" \n\t\t\t\t\t\t\t\tclass=\"rs-layer\"\n\t\t\t\t\t\t\t\tdata-type=\"text\"\n\t\t\t\t\t\t\t\tdata-rsp_ch=\"on\"\n\t\t\t\t\t\t\t\tdata-xy=\"xo:80px,80px,140px,80px;y:m;yo:-70px,-70px,-249px,-100px;\"\n\t\t\t\t\t\t\t\tdata-text=\"s:45,45,45,39;l:50,50,50,45;fw:500;a:inherit;\"\n\t\t\t\t\t\t\t\tdata-frame_0=\"tp:600;\"\n\t\t\t\t\t\t\t\tdata-frame_1=\"tp:600;st:250;sp:900;sR:250;\"\n\t\t\t\t\t\t\t\tdata-frame_999=\"o:0;tp:600;st:w;sR:7850;\"\n\t\t\t\t\t\t\t\tstyle=\"z-index:9;font-family:'Oswald';\"\n\t\t\t\t\t\t\t>IHR EXPERTE<br \/>\nF\u00dcR DIE \n\t\t\t\t\t\t\t<\/h2><!--\n\n\t\t\t\t\t\t\t--><rs-layer\n\t\t\t\t\t\t\t\tid=\"slider-4-slide-4-layer-4\" \n\t\t\t\t\t\t\t\tdata-type=\"text\"\n\t\t\t\t\t\t\t\tdata-rsp_ch=\"on\"\n\t\t\t\t\t\t\t\tdata-xy=\"xo:80px,80px,140px,80px;y:m;yo:30px,30px,-149px,-5px;\"\n\t\t\t\t\t\t\t\tdata-text=\"s:72,72,72,45;l:72,72,72,50;fw:500;a:inherit;\"\n\t\t\t\t\t\t\t\tdata-frame_0=\"tp:600;\"\n\t\t\t\t\t\t\t\tdata-frame_1=\"tp:600;st:300;sp:900;sR:300;\"\n\t\t\t\t\t\t\t\tdata-frame_999=\"o:0;tp:600;st:w;sR:7800;\"\n\t\t\t\t\t\t\t\tstyle=\"z-index:10;font-family:'Oswald';\"\n\t\t\t\t\t\t\t>FILTERHERSTELLUNG \n\t\t\t\t\t\t\t<\/rs-layer><!--\n\n\t\t\t\t\t\t\t--><a\n\t\t\t\t\t\t\t\tid=\"slider-4-slide-4-layer-5\" \n\t\t\t\t\t\t\t\tclass=\"rs-layer rev-btn\"\n\t\t\t\t\t\t\t\thref=\"\/de\/filterherstellung\/\" target=\"_self\"\n\t\t\t\t\t\t\t\tdata-type=\"button\"\n\t\t\t\t\t\t\t\tdata-color=\"rgba(255,255,255,1)\"\n\t\t\t\t\t\t\t\tdata-rsp_ch=\"on\"\n\t\t\t\t\t\t\t\tdata-xy=\"xo:83px,83px,146px,83px;y:m;yo:135px,135px,-40px,102px;\"\n\t\t\t\t\t\t\t\tdata-text=\"l:20;ls:1px;a:inherit;\"\n\t\t\t\t\t\t\t\tdata-padding=\"t:20;r:30;b:20;l:30;\"\n\t\t\t\t\t\t\t\tdata-frame_0=\"tp:600;\"\n\t\t\t\t\t\t\t\tdata-frame_1=\"tp:600;st:350;sp:900;sR:350;\"\n\t\t\t\t\t\t\t\tdata-frame_999=\"o:0;tp:600;st:w;sR:7750;\"\n\t\t\t\t\t\t\t\tdata-frame_hover=\"bgc:#019ed0;bor:0px,0px,0px,0px;oX:50;oY:50;\"\n\t\t\t\t\t\t\t\tstyle=\"z-index:11;background-color:#00aee6;font-family:'Open Sans';cursor:pointer;outline:none;box-shadow:none;box-sizing:border-box;-moz-box-sizing:border-box;-webkit-box-sizing:border-box;\"\n\t\t\t\t\t\t\t>MEHR \n\t\t\t\t\t\t\t<\/a><!--\n\n\t\t\t\t\t\t\t--><rs-layer\n\t\t\t\t\t\t\t\tid=\"slider-4-slide-4-layer-6\" \n\t\t\t\t\t\t\t\tdata-type=\"shape\"\n\t\t\t\t\t\t\t\tdata-rsp_ch=\"on\"\n\t\t\t\t\t\t\t\tdata-xy=\"xo:83px,83px,145px,83px;yo:482px,482px,377px,385px;\"\n\t\t\t\t\t\t\t\tdata-text=\"w:normal;s:20,20,12,7;l:0,0,15,9;\"\n\t\t\t\t\t\t\t\tdata-dim=\"w:565px,565px,354px,353px;h:5px,5px,3px,2px;\"\n\t\t\t\t\t\t\t\tdata-frame_1=\"st:400;sp:900;sR:400;\"\n\t\t\t\t\t\t\t\tdata-frame_999=\"o:0;st:w;sR:7700;\"\n\t\t\t\t\t\t\t\tstyle=\"z-index:12;background-color:#00aee6;\"\n\t\t\t\t\t\t\t> \n\t\t\t\t\t\t\t<\/rs-layer><!--\n\n\t\t\t\t\t\t\t--><a\n\t\t\t\t\t\t\t\tid=\"slider-4-slide-4-layer-7\" \n\t\t\t\t\t\t\t\tclass=\"rs-layer\"\n\t\t\t\t\t\t\t\thref=\"\/eu-sklad\" target=\"_self\"\n\t\t\t\t\t\t\t\tdata-type=\"image\"\n\t\t\t\t\t\t\t\tdata-rsp_ch=\"on\"\n\t\t\t\t\t\t\t\tdata-xy=\"x:r;xo:20px,20px,12px,17px;y:b;yo:20px,20px,12px,20px;\"\n\t\t\t\t\t\t\t\tdata-text=\"w:normal;s:20,20,12,7;l:0,0,15,9;\"\n\t\t\t\t\t\t\t\tdata-dim=\"w:200px,200px,125px,138px;h:81px,81px,50px,56px;\"\n\t\t\t\t\t\t\t\tdata-basealign=\"slide\"\n\t\t\t\t\t\t\t\tdata-frame_1=\"st:500;sp:900;sR:500;\"\n\t\t\t\t\t\t\t\tdata-frame_999=\"o:0;st:w;sR:7600;\"\n\t\t\t\t\t\t\t\tstyle=\"z-index:13;\"\n\t\t\t\t\t\t\t><img decoding=\"async\" src=\"\/\/www.rc-fil.eu\/wp-content\/plugins\/revslider\/public\/assets\/assets\/dummy.png\" alt=\"\" class=\"tp-rs-img rs-lazyload\" width=\"200\" height=\"81\" data-lazyload=\"\/\/www.rc-fil.eu\/wp-content\/uploads\/2019\/08\/eu-sklad-logo.jpg\" data-no-retina> \n\t\t\t\t\t\t\t<\/a><!--\n-->\t\t\t\t\t\t<\/rs-slide>\n\t\t\t\t\t<\/rs-slides>\n\t\t\t\t<\/rs-module>\n\t\t\t\t<script>\n\t\t\t\t\tsetREVStartSize({c: 'rev_slider_4_1',rl:[1240,1240,778,480],el:[820,820,960,720],gw:[1240,1240,778,480],gh:[820,820,960,720],type:'standard',justify:'',layout:'fullscreen',offsetContainer:'',offset:'',mh:\"0\"});if (window.RS_MODULES!==undefined && window.RS_MODULES.modules!==undefined && window.RS_MODULES.modules[\"revslider41\"]!==undefined) {window.RS_MODULES.modules[\"revslider41\"].once = false;window.revapi4 = undefined;if (window.RS_MODULES.checkMinimal!==undefined) window.RS_MODULES.checkMinimal()}\n\t\t\t\t<\/script>\n\t\t\t<\/rs-module-wrap>\n\t\t\t<!-- END REVOLUTION SLIDER -->\n[\/vc_column][\/vc_row][vc_row full_width=&#8220;stretch_row_content&#8220; css=&#8220;.vc_custom_1566162918610{padding-top: 2vh !important;padding-bottom: 2vh !important;background-color: #f5f5f5 !important;}&#8220; el_class=&#8220;iconoffer&#8220;][vc_column width=&#8220;1\/5&#8243; css=&#8220;.vc_custom_1566161976792{padding-right: 30px !important;padding-left: 30px !important;}&#8220;]<div class=\"icon_box icon_position_top no_border\"><div class=\"image_wrapper\"><img loading=\"lazy\" decoding=\"async\" src=\"https:\/\/www.rc-fil.eu\/wp-content\/uploads\/2019\/08\/icon-brizganje.gif\" class=\"scale-with-grid\" alt=\"\" width=\"126\" height=\"85\"\/><\/div><div class=\"desc_wrapper\"><h4 class=\"title\">Spritzguss<\/h4><div class=\"desc\">Wir bieten Ihnen das Spritzgie\u00dfen von technischen Thermoplasten. Um einen stabilen und hochwertigen Herstellungsprozess zu gew\u00e4hrleisten, f\u00fchren wir unsere Dienstleistungen an hochmodernen komplett ausgestatteten Spritzgussmaschinen aus.<\/div><\/div><\/div>\n[\/vc_column][vc_column width=&#8220;1\/5&#8243; css=&#8220;.vc_custom_1566161983323{padding-right: 30px !important;padding-left: 30px !important;}&#8220;]<div class=\"icon_box icon_position_top no_border\"><div class=\"image_wrapper\"><img loading=\"lazy\" decoding=\"async\" src=\"https:\/\/www.rc-fil.eu\/wp-content\/uploads\/2019\/08\/icon-orodjarna.gif\" class=\"scale-with-grid\" alt=\"\" width=\"78\" height=\"85\"\/><\/div><div class=\"desc_wrapper\"><h4 class=\"title\">Werkzeugbau<\/h4><div class=\"desc\">Unsere Erfahrung und unser Know-how bei der Herstellung von Spritzgie\u00dfwerkzeug und Formwerkzeug f\u00fcr Eisen sind f\u00fcr die optimale Herstellung und Wartung unserer Werkzeuge von entscheidender Bedeutung.<\/div><\/div><\/div>\n[\/vc_column][vc_column width=&#8220;1\/5&#8243; css=&#8220;.vc_custom_1566161988792{padding-right: 30px !important;padding-left: 30px !important;}&#8220;]<div class=\"icon_box icon_position_top no_border\"><div class=\"image_wrapper\"><img loading=\"lazy\" decoding=\"async\" src=\"https:\/\/www.rc-fil.eu\/wp-content\/uploads\/2019\/08\/icon-modeliranje-mreze.gif\" class=\"scale-with-grid\" alt=\"icon-modeliranje-mreze\" width=\"138\" height=\"85\"\/><\/div><div class=\"desc_wrapper\"><h4 class=\"title\">Netzmodellierung<\/h4><div class=\"desc\">Die Netze modellieren wir selber mit unseren innovativen Werkzeugen. Wir modellieren Netze bzw. Filtersiebe aus Kunststoff und Inox und bieten ein breites Spektrum der Netzbearbeitung mit Maschenweiten zwischen 18\u00b5 &#8211; 700\u00b5.<\/div><\/div><\/div>\n[\/vc_column][vc_column width=&#8220;1\/5&#8243; css=&#8220;.vc_custom_1566161993390{padding-right: 30px !important;padding-left: 30px !important;}&#8220;]<div class=\"icon_box icon_position_top no_border\"><div class=\"image_wrapper\"><img loading=\"lazy\" decoding=\"async\" src=\"https:\/\/www.rc-fil.eu\/wp-content\/uploads\/2019\/08\/icon-ultrazvocno-varjenje.gif\" class=\"scale-with-grid\" alt=\"icon-ultrazvocno-varjenje\" width=\"109\" height=\"85\"\/><\/div><div class=\"desc_wrapper\"><h4 class=\"title\">Ultraschallschwei\u00dfen<\/h4><div class=\"desc\">Au\u00dfer der Filterherstellung besch\u00e4ftigen wir uns auch mit dem Ultraschwei\u00dfen verschiedener Elemente wie Netze aus Inox mit Thermoplasten.<\/div><\/div><\/div>\n[\/vc_column][vc_column width=&#8220;1\/5&#8243; css=&#8220;.vc_custom_1566161998516{padding-right: 30px !important;padding-left: 30px !important;}&#8220;]<div class=\"icon_box icon_position_top no_border\"><div class=\"image_wrapper\"><img loading=\"lazy\" decoding=\"async\" src=\"https:\/\/www.rc-fil.eu\/wp-content\/uploads\/2019\/08\/icon-izdelava-orodij.gif\" class=\"scale-with-grid\" alt=\"icon-izdelava-orodij\" width=\"71\" height=\"85\"\/><\/div><div class=\"desc_wrapper\"><h4 class=\"title\">Herstellung von Montagewerkzeug<\/h4><div class=\"desc\">Konstruktion und Herstellung von verschiedenen Werkzeugen und Zubeh\u00f6r zum Zusammensetzen der Halbfabrikate sowie von verschiedenen Hilfswerkzeugen zum Kunststoffspritzgie\u00dfen.<\/div><\/div><\/div>\n[\/vc_column][\/vc_row][vc_row css=&#8220;.vc_custom_1566248850867{padding-top: 2vh !important;}&#8220;][vc_column][vc_headings style=&#8220;theme3&#8243; linewidth=&#8220;130&#8243; borderclr=&#8220;#00aee6&#8243; lineheight=&#8220;&#8220; title=&#8220;WARUM RC-FIL&#8220; titlesize=&#8220;40&#8243; titleclr=&#8220;#333333&#8243;][\/vc_headings][vc_column_text]<\/p>\n<p style=\"text-align: center;\">Die Hauptt\u00e4tigkeit des Unternehmens RC-FIL d.o.o. ist die Filterherstellung und das Spritzgie\u00dfen von Kunststoffteilen. Das Unternehmen stellt technisch komplexe und herausfordernde Produkte her und beherrscht die Herstellung von kleineren Serienproduktionen und Prototypen.<\/p>\n<p>[\/vc_column_text][\/vc_column][\/vc_row][vc_row css=&#8220;.vc_custom_1566248942056{padding-bottom: 3vh !important;}&#8220;][vc_column width=&#8220;1\/3&#8243;]<div class=\"icon_box icon_position_top no_border\"><a class=\"icon-why\" href=\"\/de\/qualitat\/\"  ><div class=\"image_wrapper\"><img loading=\"lazy\" decoding=\"async\" src=\"https:\/\/www.rc-fil.eu\/wp-content\/uploads\/2019\/08\/icon-znanje.png\" class=\"scale-with-grid\" alt=\"icon-znanje\" width=\"58\" height=\"74\"\/><\/div><div class=\"desc_wrapper\"><h4 class=\"title\">Know-how<\/h4><div class=\"desc\">St\u00e4ndige Weiterentwicklung und Verbesserung von s\u00e4mtlichen Prozessen im Unternehmen, was uns das Erreichen unserer Ziele erm\u00f6glicht.<\/div><\/div><\/a><\/div>\n<div class=\"icon_box icon_position_top no_border\"><a class=\"icon-why\" href=\"\/de\/qualitat\/\"  ><div class=\"image_wrapper\"><img loading=\"lazy\" decoding=\"async\" src=\"https:\/\/www.rc-fil.eu\/wp-content\/uploads\/2019\/08\/icon-inovativnost.png\" class=\"scale-with-grid\" alt=\"icon-inovativnost\" width=\"65\" height=\"74\"\/><\/div><div class=\"desc_wrapper\"><h4 class=\"title\">Innovation<\/h4><div class=\"desc\">Gew\u00e4hrleistung von leistungsstarken Arbeitsprozessen durch die modernste technologische Ausstattung.<\/div><\/div><\/a><\/div>\n[\/vc_column][vc_column width=&#8220;1\/3&#8243;]<div class=\"icon_box icon_position_top no_border\"><a class=\"icon-why\" href=\"\/de\/qualitat\/\"  ><div class=\"image_wrapper\"><img loading=\"lazy\" decoding=\"async\" src=\"https:\/\/www.rc-fil.eu\/wp-content\/uploads\/2019\/08\/icon-fleksibilnost.png\" class=\"scale-with-grid\" alt=\"icon-fleksibilnost\" width=\"70\" height=\"74\"\/><\/div><div class=\"desc_wrapper\"><h4 class=\"title\">Flexibilit\u00e4t<\/h4><div class=\"desc\">Wir sind f\u00fcr unsere Kunden ein zuverl\u00e4ssiger Partner, da wir uns individuell an ihre Entwicklungszyklen und Fertigungstechnologien anpassen.<\/div><\/div><\/a><\/div>\n<div class=\"icon_box icon_position_top no_border\"><a class=\"icon-why\" href=\"\/de\/qualitat\/\"  ><div class=\"image_wrapper\"><img loading=\"lazy\" decoding=\"async\" src=\"https:\/\/www.rc-fil.eu\/wp-content\/uploads\/2019\/08\/icon-kakovost.png\" class=\"scale-with-grid\" alt=\"icon-kakovost\" width=\"56\" height=\"74\"\/><\/div><div class=\"desc_wrapper\"><h4 class=\"title\">Qualit\u00e4t<\/h4><div class=\"desc\">Herstellung von hochwertigen Produkten mit modernen Kunststoffspritzgie\u00dfmaschinen unter st\u00e4ndiger Qualit\u00e4tskontrolle.<\/div><\/div><\/a><\/div>\n[\/vc_column][vc_column width=&#8220;1\/3&#8243; css=&#8220;.vc_custom_1566247516731{padding-top: 10px !important;padding-bottom: 10px !important;}&#8220;][mvc_ihe popup=&#8220;image&#8220; border_width=&#8220;&#8220; hover_effect=&#8220;ihe-fade square effect6 from_top_and_bottom&#8220; image_id=&#8220;373&#8243; caption_url=&#8220;url:https%3A%2F%2Fwww.youtube.com%2Fwatch%3Fv%3DUuY1_XMJdNk%26feature%3Dyoutu.be||target:%20_blank|&#8220;][\/mvc_ihe][\/vc_column][\/vc_row][vc_row full_width=&#8220;stretch_row&#8220; content_placement=&#8220;middle&#8220; parallax=&#8220;content-moving&#8220; parallax_image=&#8220;455&#8243; css=&#8220;.vc_custom_1567056608669{padding-top: 50px !important;padding-bottom: 50px !important;background-image: url(https:\/\/www.rc-fil.eu\/wp-content\/uploads\/2019\/08\/bg-proizvodne-zmogljivosti-izdelava.jpg?id=455) !important;background-position: center;background-repeat: no-repeat !important;background-size: cover !important;}&#8220; el_class=&#8220;front-info&#8220;][vc_column][vc_headings style=&#8220;theme3&#8243; linewidth=&#8220;130&#8243; borderclr=&#8220;#00aee6&#8243; lineheight=&#8220;&#8220; title=&#8220;WOLLEN SIE IHRE HERSTELLUNGSKOSTEN ZU SENKEN?&#8220; titlesize=&#8220;40&#8243; titleclr=&#8220;#ffffff&#8220;][\/vc_headings][vc_custom_heading text=&#8220;\u00dcbermitteln Sie uns Ihre Anforderungen und wir unterbreiten Ihnen gerne ein unverbindliches Angebot.&#8220; font_container=&#8220;tag:p|font_size:30|text_align:center|color:%23ffffff|line_height:38px&#8220; google_fonts=&#8220;font_family:Open%20Sans%3A300%2C300italic%2Cregular%2Citalic%2C600%2C600italic%2C700%2C700italic%2C800%2C800italic|font_style:400%20regular%3A400%3Anormal&#8220;][vc_empty_space height=&#8220;25px&#8220;][mvc_advanced_button align=&#8220;center&#8220; padding_top=&#8220;20&#8243; btn_size=&#8220;24&#8243; btn_url=&#8220;url:%2Fde%2Fkontakt|||&#8220; btn_clr=&#8220;#00aee6&#8243; btn_bg=&#8220;#ffffff&#8220; btn_text=&#8220;ANFRAGE SENDEN&#8220; btn_hvrclr=&#8220;#00aee6&#8243; btn_hvrbg=&#8220;#ffffff&#8220;][\/vc_column][\/vc_row][vc_row css=&#8220;.vc_custom_1566248878625{padding-top: 2vh !important;padding-bottom: 2vh !important;}&#8220;][vc_column][vc_headings style=&#8220;theme3&#8243; linewidth=&#8220;130&#8243; borderclr=&#8220;#00aee6&#8243; lineheight=&#8220;&#8220; title=&#8220;ANWENDUNGSBEISPIELE&#8220; titlesize=&#8220;40&#8243; titleclr=&#8220;#333333&#8243;][\/vc_headings][vc_column_text]<\/p>\n<p style=\"text-align: center;\">Beispiele, wo Sie unsere Filterprodukte finden bzw. f\u00fcr welche Bereiche wir die Filter herstellen.<\/p>\n<p>[\/vc_column_text][\/vc_column][\/vc_row][vc_row css=&#8220;.vc_custom_1566276793863{padding-bottom: 3vh !important;}&#8220; el_class=&#8220;filtertype&#8220;][vc_column width=&#8220;1\/4&#8243;][vc_single_image image=&#8220;378&#8243; img_size=&#8220;full&#8220; onclick=&#8220;link_image&#8220; css=&#8220;.vc_custom_1567013165111{margin-bottom: 0px !important;}&#8220;]<div class=\"icon_box icon_position_top no_border\"><div class=\"icon_wrapper\"><div class=\"icon\"><i class=\"\"><\/i><\/div><\/div><div class=\"desc_wrapper\"><h4 class=\"title\">Druckluft<\/h4><\/div><\/div>\n[\/vc_column][vc_column width=&#8220;1\/4&#8243;][vc_single_image image=&#8220;290&#8243; img_size=&#8220;full&#8220; onclick=&#8220;link_image&#8220; css=&#8220;.vc_custom_1566280715960{margin-bottom: 0px !important;}&#8220;]<div class=\"icon_box icon_position_top no_border\"><div class=\"icon_wrapper\"><div class=\"icon\"><i class=\"\"><\/i><\/div><\/div><div class=\"desc_wrapper\"><h4 class=\"title\">Wasser<\/h4><\/div><\/div>\n[\/vc_column][vc_column width=&#8220;1\/4&#8243;][vc_single_image image=&#8220;286&#8243; img_size=&#8220;full&#8220; onclick=&#8220;link_image&#8220; css=&#8220;.vc_custom_1566280491738{margin-bottom: 0px !important;}&#8220;]<div class=\"icon_box icon_position_top no_border\"><div class=\"icon_wrapper\"><div class=\"icon\"><i class=\"\"><\/i><\/div><\/div><div class=\"desc_wrapper\"><h4 class=\"title\">Motor- und Hydraulik\u00f6le<\/h4><\/div><\/div>\n[\/vc_column][vc_column width=&#8220;1\/4&#8243;][vc_single_image image=&#8220;294&#8243; img_size=&#8220;full&#8220; onclick=&#8220;link_image&#8220; css=&#8220;.vc_custom_1566281285918{margin-bottom: 0px !important;}&#8220;]<div class=\"icon_box icon_position_top no_border\"><div class=\"icon_wrapper\"><div class=\"icon\"><i class=\"\"><\/i><\/div><\/div><div class=\"desc_wrapper\"><h4 class=\"title\">Kraftstoffe<\/h4><\/div><\/div>\n[\/vc_column][\/vc_row]<\/p>\n<\/div>","protected":false},"excerpt":{"rendered":"<p>[vc_row][vc_column][\/vc_column][\/vc_row][vc_row full_width=&#8220;stretch_row_content&#8220; css=&#8220;.vc_custom_1566162918610{padding-top: 2vh !important;padding-bottom: 2vh !important;background-color: #f5f5f5 !important;}&#8220; el_class=&#8220;iconoffer&#8220;][vc_column width=&#8220;1\/5&#8243; css=&#8220;.vc_custom_1566161976792{padding-right: 30px !important;padding-left: 30px !important;}&#8220;][\/vc_column][vc_column width=&#8220;1\/5&#8243; css=&#8220;.vc_custom_1566161983323{padding-right: 30px !important;padding-left: 30px !important;}&#8220;][\/vc_column][vc_column width=&#8220;1\/5&#8243; css=&#8220;.vc_custom_1566161988792{padding-right: 30px !important;padding-left:<span class=\"excerpt-hellip\"> [\u2026]<\/span><\/p>\n","protected":false},"author":4,"featured_media":0,"parent":0,"menu_order":0,"comment_status":"closed","ping_status":"closed","template":"","meta":{"footnotes":""},"class_list":["post-535","page","type-page","status-publish","hentry"],"_links":{"self":[{"href":"https:\/\/www.rc-fil.eu\/de\/wp-json\/wp\/v2\/pages\/535","targetHints":{"allow":["GET"]}}],"collection":[{"href":"https:\/\/www.rc-fil.eu\/de\/wp-json\/wp\/v2\/pages"}],"about":[{"href":"https:\/\/www.rc-fil.eu\/de\/wp-json\/wp\/v2\/types\/page"}],"author":[{"embeddable":true,"href":"https:\/\/www.rc-fil.eu\/de\/wp-json\/wp\/v2\/users\/4"}],"replies":[{"embeddable":true,"href":"https:\/\/www.rc-fil.eu\/de\/wp-json\/wp\/v2\/comments?post=535"}],"version-history":[{"count":0,"href":"https:\/\/www.rc-fil.eu\/de\/wp-json\/wp\/v2\/pages\/535\/revisions"}],"wp:attachment":[{"href":"https:\/\/www.rc-fil.eu\/de\/wp-json\/wp\/v2\/media?parent=535"}],"curies":[{"name":"wp","href":"https:\/\/api.w.org\/{rel}","templated":true}]}}