{"id":571,"date":"2019-08-20T09:00:19","date_gmt":"2019-08-20T07:00:19","guid":{"rendered":"http:\/\/www.rc-fil.eu\/kakovost\/"},"modified":"2019-09-07T21:03:48","modified_gmt":"2019-09-07T19:03:48","slug":"qualitat","status":"publish","type":"page","link":"https:\/\/www.rc-fil.eu\/de\/qualitat\/","title":{"rendered":"Qualit\u00e4t"},"content":{"rendered":"<div class=\"wpb-content-wrapper\"><p>[vc_row css=&#8220;.vc_custom_1567028675622{padding-top: 4vh !important;}&#8220;][vc_column][vc_headings style=&#8220;theme3&#8243; linewidth=&#8220;130&#8243; borderclr=&#8220;#00aee6&#8243; lineheight=&#8220;&#8220; title=&#8220;Qualit\u00e4t und R\u00fcckverfolgbarkeit der Produktion&#8220; titlesize=&#8220;40&#8243; titleclr=&#8220;#333333&#8243;][\/vc_headings][\/vc_column][vc_column width=&#8220;1\/2&#8243;][vc_column_text]<strong>Mit dem GoSoft-System gew\u00e4hrleisten wir hohe Qualit\u00e4t und die R\u00fcckverfolgbarkeit des Herstellungsprozesses<\/strong><\/p>\n<p>Durch die Integrierung des GoSoft-Systems in der Herstellung arbeiten wir noch kundenorientierter und verbessern die t\u00e4glichen Routinen bei der Planung der Auftragsabwicklung in allen Phasen des Herstellungsprozesses.[\/vc_column_text][vc_column_text]<\/p>\n<ul>\n<li>Gew\u00e4hrleistung einer guten Planung und Kontrolle der Betriebsprozesse.<\/li>\n<li>Kontrolle f\u00fcr eine noch effektivere Planung und Serienproduktionen<\/li>\n<li>Kontrolle der Produktqualit\u00e4t und der Einhaltung der Vorschriften in Zusammenhang mit den Ma\u00dfnahmen beim Auftreten von M\u00e4ngeln.<\/li>\n<li>M\u00f6glichkeit der virtuellen R\u00fcckverfolgung der Auftr\u00e4ge im Herstellungsprozess<\/li>\n<li>Elektronische Kommunikation und papierloser Dokumentenaustausch<\/li>\n<li>\u00dcbersichtlichere Lagerhaltung<\/li>\n<li>Unterst\u00fctzung beim Einkauf und Verkauf<\/li>\n<li>Unterst\u00fctzung bei der Entwicklung<\/li>\n<li>R\u00fcckverfolgung des Lagerbestands nach Seriennummern<\/li>\n<\/ul>\n<p>[\/vc_column_text][\/vc_column][vc_column width=&#8220;1\/2&#8243;][vc_row_inner][vc_column_inner][vc_single_image image=&#8220;501&#8243; img_size=&#8220;full&#8220;][\/vc_column_inner][\/vc_row_inner][\/vc_column][\/vc_row][vc_row full_width=&#8220;stretch_row&#8220; css=&#8220;.vc_custom_1566286618250{padding-top: 2vh !important;padding-bottom: 2vh !important;background-color: #f5f5f5 !important;}&#8220; el_class=&#8220;iconoffer&#8220;][vc_column width=&#8220;1\/6&#8243;][\/vc_column][vc_column width=&#8220;2\/3&#8243; el_class=&#8220;certificate&#8220;][vc_headings style=&#8220;theme3&#8243; linewidth=&#8220;130&#8243; borderclr=&#8220;#00aee6&#8243; lineheight=&#8220;&#8220; title=&#8220;Zertifikate&#8220; titlesize=&#8220;40&#8243; titleclr=&#8220;#333333&#8243;][\/vc_headings][vc_column_text]<\/p>\n<p style=\"text-align: center;\">Die Qualit\u00e4t ist ein guter Ausgangspunkt zur Gew\u00e4hrleistung eines st\u00e4ndigen Fortschritts, der sich in guten Gesch\u00e4ftsergebnissen und den M\u00f6glichkeiten zum Erreichen eines Konkurrenzvorteils auf dem immer anspruchsvolleren Weltmarkt widerspiegelt.<\/p>\n<p style=\"text-align: center;\">Alle unsere Produkte sind gem\u00e4\u00df den EU-Normen hergestellt. Auf Wunsch unserer Kunden beachten wir auch die anderen internen Richtlinien unserer Kunden, die sie uns bei der Ausf\u00fchrung der einzelnen Projekte vorschreiben.<\/p>\n<p style=\"text-align: center;\">Wir besitzen die Zertifizierung gem\u00e4\u00df der Qualit\u00e4tsnorm ISO 9001:2015.<\/p>\n<p style=\"text-align: center;\"><a href=\"https:\/\/www.rc-fil.eu\/wp-content\/uploads\/2019\/08\/ISO_9001-2015_small.jpg\" target=\"_blank\" rel=\"noopener noreferrer\"><img loading=\"lazy\" decoding=\"async\" class=\"alignnone size-full wp-image-624\" src=\"https:\/\/www.rc-fil.eu\/wp-content\/uploads\/2019\/09\/siq-cert-logo.jpg\" alt=\"\" width=\"220\" height=\"96\" srcset=\"https:\/\/www.rc-fil.eu\/wp-content\/uploads\/2019\/09\/siq-cert-logo.jpg 220w, https:\/\/www.rc-fil.eu\/wp-content\/uploads\/2019\/09\/siq-cert-logo-50x22.jpg 50w, https:\/\/www.rc-fil.eu\/wp-content\/uploads\/2019\/09\/siq-cert-logo-150x65.jpg 150w\" sizes=\"auto, (max-width: 220px) 100vw, 220px\" \/><\/a><\/p>\n<p>[\/vc_column_text][\/vc_column][vc_column width=&#8220;1\/6&#8243;][\/vc_column][\/vc_row][vc_row full_width=&#8220;stretch_row&#8220; content_placement=&#8220;middle&#8220; parallax=&#8220;content-moving&#8220; parallax_image=&#8220;471&#8243; css=&#8220;.vc_custom_1567029169468{padding-top: 50px !important;padding-bottom: 50px !important;background-image: url(https:\/\/www.rc-fil.eu\/wp-content\/uploads\/2019\/08\/bg-kakovost.jpg?id=471) !important;background-position: center;background-repeat: no-repeat !important;background-size: cover !important;}&#8220; el_class=&#8220;front-info&#8220;][vc_column][vc_headings style=&#8220;theme3&#8243; linewidth=&#8220;130&#8243; borderclr=&#8220;#00aee6&#8243; lineheight=&#8220;&#8220; title=&#8220;WOLLEN SIE IHRE HERSTELLUNGSKOSTEN ZU SENKEN?&#8220; titlesize=&#8220;40&#8243; titleclr=&#8220;#ffffff&#8220;][\/vc_headings][vc_custom_heading text=&#8220;\u00dcbermitteln Sie uns Ihre Anforderungen und wir unterbreiten Ihnen gerne ein unverbindliches Angebot.&#8220; font_container=&#8220;tag:p|font_size:30|text_align:center|color:%23ffffff|line_height:38px&#8220; google_fonts=&#8220;font_family:Open%20Sans%3A300%2C300italic%2Cregular%2Citalic%2C600%2C600italic%2C700%2C700italic%2C800%2C800italic|font_style:400%20regular%3A400%3Anormal&#8220;][vc_empty_space height=&#8220;25px&#8220;][mvc_advanced_button align=&#8220;center&#8220; padding_top=&#8220;20&#8243; btn_size=&#8220;24&#8243; btn_url=&#8220;url:%2Fde%2Fkontakt|||&#8220; btn_clr=&#8220;#00aee6&#8243; btn_bg=&#8220;#ffffff&#8220; btn_text=&#8220;ANFRAGE SENDEN&#8220; btn_hvrclr=&#8220;#00aee6&#8243; btn_hvrbg=&#8220;#ffffff&#8220;][\/vc_column][\/vc_row][vc_row css=&#8220;.vc_custom_1566248850867{padding-top: 2vh !important;}&#8220;][vc_column][vc_headings style=&#8220;theme3&#8243; linewidth=&#8220;130&#8243; borderclr=&#8220;#00aee6&#8243; lineheight=&#8220;&#8220; title=&#8220;WARUM RC-FIL&#8220; titlesize=&#8220;40&#8243; titleclr=&#8220;#333333&#8243;][\/vc_headings][\/vc_column][\/vc_row][vc_row css=&#8220;.vc_custom_1566248942056{padding-bottom: 3vh !important;}&#8220;][vc_column width=&#8220;1\/3&#8243;]<div class=\"icon_box icon_position_top no_border\"><a class=\"icon-why\" href=\"\/de\/qualitat\/\"  ><div class=\"image_wrapper\"><img loading=\"lazy\" decoding=\"async\" src=\"https:\/\/www.rc-fil.eu\/wp-content\/uploads\/2019\/08\/icon-znanje.png\" class=\"scale-with-grid\" alt=\"icon-znanje\" width=\"58\" height=\"74\"\/><\/div><div class=\"desc_wrapper\"><h4 class=\"title\">Know-how<\/h4><div class=\"desc\">St\u00e4ndige Weiterentwicklung und Verbesserung von s\u00e4mtlichen Prozessen im Unternehmen, was uns das Erreichen unserer Ziele erm\u00f6glicht.<\/div><\/div><\/a><\/div>\n<div class=\"icon_box icon_position_top no_border\"><a class=\"icon-why\" href=\"\/de\/qualitat\/\"  ><div class=\"image_wrapper\"><img loading=\"lazy\" decoding=\"async\" src=\"https:\/\/www.rc-fil.eu\/wp-content\/uploads\/2019\/08\/icon-inovativnost.png\" class=\"scale-with-grid\" alt=\"icon-inovativnost\" width=\"65\" height=\"74\"\/><\/div><div class=\"desc_wrapper\"><h4 class=\"title\">Innovation<\/h4><div class=\"desc\">Gew\u00e4hrleistung von leistungsstarken Arbeitsprozessen durch die modernste technologische Ausstattung.<\/div><\/div><\/a><\/div>\n[\/vc_column][vc_column width=&#8220;1\/3&#8243;]<div class=\"icon_box icon_position_top no_border\"><a class=\"icon-why\" href=\"\/de\/qualitat\/\"  ><div class=\"image_wrapper\"><img loading=\"lazy\" decoding=\"async\" src=\"https:\/\/www.rc-fil.eu\/wp-content\/uploads\/2019\/08\/icon-fleksibilnost.png\" class=\"scale-with-grid\" alt=\"icon-fleksibilnost\" width=\"70\" height=\"74\"\/><\/div><div class=\"desc_wrapper\"><h4 class=\"title\">Flexibilit\u00e4t<\/h4><div class=\"desc\">Wir sind f\u00fcr unsere Kunden ein zuverl\u00e4ssiger Partner, da wir uns individuell an ihre Entwicklungszyklen und Fertigungstechnologien anpassen.<\/div><\/div><\/a><\/div>\n<div class=\"icon_box icon_position_top no_border\"><a class=\"icon-why\" href=\"\/de\/qualitat\/\"  ><div class=\"image_wrapper\"><img loading=\"lazy\" decoding=\"async\" src=\"https:\/\/www.rc-fil.eu\/wp-content\/uploads\/2019\/08\/icon-kakovost.png\" class=\"scale-with-grid\" alt=\"icon-kakovost\" width=\"56\" height=\"74\"\/><\/div><div class=\"desc_wrapper\"><h4 class=\"title\">Qualit\u00e4t<\/h4><div class=\"desc\">Herstellung von hochwertigen Produkten mit modernen Kunststoffspritzgie\u00dfmaschinen unter st\u00e4ndiger Qualit\u00e4tskontrolle.<\/div><\/div><\/a><\/div>\n[\/vc_column][vc_column width=&#8220;1\/3&#8243; css=&#8220;.vc_custom_1566247516731{padding-top: 10px !important;padding-bottom: 10px !important;}&#8220;][mvc_ihe popup=&#8220;image&#8220; border_width=&#8220;&#8220; hover_effect=&#8220;ihe-fade square effect6 from_top_and_bottom&#8220; image_id=&#8220;373&#8243; caption_url=&#8220;url:https%3A%2F%2Fwww.youtube.com%2Fwatch%3Fv%3DUuY1_XMJdNk%26feature%3Dyoutu.be||target:%20_blank|&#8220;][\/mvc_ihe][\/vc_column][\/vc_row]<\/p>\n<\/div>","protected":false},"excerpt":{"rendered":"<p>[vc_row css=&#8220;.vc_custom_1567028675622{padding-top: 4vh !important;}&#8220;][vc_column][vc_headings style=&#8220;theme3&#8243; linewidth=&#8220;130&#8243; borderclr=&#8220;#00aee6&#8243; lineheight=&#8220;&#8220; title=&#8220;Qualit\u00e4t und R\u00fcckverfolgbarkeit der Produktion&#8220; titlesize=&#8220;40&#8243; titleclr=&#8220;#333333&#8243;][\/vc_headings][\/vc_column][vc_column width=&#8220;1\/2&#8243;][vc_column_text]Mit dem GoSoft-System gew\u00e4hrleisten wir hohe Qualit\u00e4t und die R\u00fcckverfolgbarkeit des<span class=\"excerpt-hellip\"> [\u2026]<\/span><\/p>\n","protected":false},"author":4,"featured_media":0,"parent":0,"menu_order":0,"comment_status":"closed","ping_status":"closed","template":"","meta":{"footnotes":""},"class_list":["post-571","page","type-page","status-publish","hentry"],"_links":{"self":[{"href":"https:\/\/www.rc-fil.eu\/de\/wp-json\/wp\/v2\/pages\/571","targetHints":{"allow":["GET"]}}],"collection":[{"href":"https:\/\/www.rc-fil.eu\/de\/wp-json\/wp\/v2\/pages"}],"about":[{"href":"https:\/\/www.rc-fil.eu\/de\/wp-json\/wp\/v2\/types\/page"}],"author":[{"embeddable":true,"href":"https:\/\/www.rc-fil.eu\/de\/wp-json\/wp\/v2\/users\/4"}],"replies":[{"embeddable":true,"href":"https:\/\/www.rc-fil.eu\/de\/wp-json\/wp\/v2\/comments?post=571"}],"version-history":[{"count":2,"href":"https:\/\/www.rc-fil.eu\/de\/wp-json\/wp\/v2\/pages\/571\/revisions"}],"predecessor-version":[{"id":635,"href":"https:\/\/www.rc-fil.eu\/de\/wp-json\/wp\/v2\/pages\/571\/revisions\/635"}],"wp:attachment":[{"href":"https:\/\/www.rc-fil.eu\/de\/wp-json\/wp\/v2\/media?parent=571"}],"curies":[{"name":"wp","href":"https:\/\/api.w.org\/{rel}","templated":true}]}}