{"id":584,"date":"2017-10-30T11:16:12","date_gmt":"2017-10-30T11:16:12","guid":{"rendered":"http:\/\/www.rc-fil.eu\/production-capacities\/"},"modified":"2023-06-01T12:54:40","modified_gmt":"2023-06-01T10:54:40","slug":"produktionskapazitaten","status":"publish","type":"page","link":"https:\/\/www.rc-fil.eu\/de\/produktionskapazitaten\/","title":{"rendered":"Produktionskapazit\u00e4ten"},"content":{"rendered":"<div class=\"wpb-content-wrapper\"><p>[vc_row full_width=&#8220;stretch_row&#8220; css=&#8220;.vc_custom_1566290525405{padding-top: 2vh !important;padding-bottom: 2vh !important;background-color: #f5f5f5 !important;}&#8220; el_class=&#8220;iconoffer&#8220;][vc_column][vc_headings style=&#8220;theme3&#8243; linewidth=&#8220;130&#8243; borderclr=&#8220;#00aee6&#8243; lineheight=&#8220;&#8220; title=&#8220;Vom Produktmuster bis zur Serienproduktion&#8220; titlesize=&#8220;40&#8243; titleclr=&#8220;#333333&#8243;][\/vc_headings][vc_column_text]Wir stellen f\u00fcr Sie alle Teile des Produktionsprogramms her &#8211; hochwertig, perfekt und schnell. Dabei flie\u00dft in die Entwicklung und die Herstellung bei jedem Produkt das Know-how unserer Mitarbeiter ein, unterst\u00fctzt mit den maschinellen Verarbeitungsschritten mit der modernsten technologischen Ausstattung. Mit Blick auf die Zukunft gew\u00e4hrleisten wir unseren Kunden bei der Realisierung der gesetzten Ziele kompetenten Support.<\/p>\n<p>Der Maschinenpark des Unternehmens RC-FIL D.O.O. besteht aus verschiedenen High-Tech-Maschinen. Darunter befinden sich die neusten Generationen von technologisch vollendeten Spritzgie\u00dfmaschinen der Marken Dr. BOY und ENGEL mit einer Schlie\u00dfkraft von 22 &#8211; 120 t, was die Fertigung von Kunststoffteilen von 0,5 -240 Gramm erm\u00f6glicht.<\/p>\n<p>Der gesamte Maschinenpark macht es uns m\u00f6glich, den ganzen Herstellungsprozess von Anfang bis Ende selbstst\u00e4ndig in unseren eigenen Produktionsr\u00e4umen durchzuf\u00fchren.<\/p>\n<p>T\u00e4glich streben wir eine hohe fachliche Kompetenz und maximale Zuverl\u00e4ssigkeit an, um einen st\u00f6rungsfreien Herstellungsprozess von der Planung bis zur Fertigung bzw. Serienherstellung sicherstellen zu k\u00f6nnen.[\/vc_column_text][\/vc_column][\/vc_row][vc_row css=&#8220;.vc_custom_1685616890674{padding-top: 2vh !important;padding-bottom: 4vh !important;}&#8220;][vc_column][vc_headings style=&#8220;theme3&#8243; linewidth=&#8220;130&#8243; borderclr=&#8220;#00aee6&#8243; lineheight=&#8220;&#8220; title=&#8220;MASCHINENPARK&#8220; titlesize=&#8220;40&#8243; titleclr=&#8220;#333333&#8243;][\/vc_headings][vc_custom_heading text=&#8220;Der Inhalt befindet sich im Aufbau.&#8220; font_container=&#8220;tag:p|font_size:36|text_align:center&#8220; google_fonts=&#8220;font_family:Open%20Sans%3A300%2C300italic%2Cregular%2Citalic%2C600%2C600italic%2C700%2C700italic%2C800%2C800italic|font_style:600%20bold%20regular%3A600%3Anormal&#8220;][\/vc_column][\/vc_row][vc_row disable_element=&#8220;yes&#8220; css=&#8220;.vc_custom_1685616779412{padding-bottom: 3vh !important;}&#8220; el_class=&#8220;filtertype&#8220;][vc_column width=&#8220;1\/3&#8243;][vc_single_image image=&#8220;494&#8243; img_size=&#8220;full&#8220; onclick=&#8220;link_image&#8220; css=&#8220;.vc_custom_1567031362017{margin-bottom: 0px !important;border-top-width: 1px !important;border-right-width: 1px !important;border-left-width: 1px !important;border-left-color: #f5f5f5 !important;border-left-style: solid !important;border-right-color: #f5f5f5 !important;border-right-style: solid !important;border-top-color: #f5f5f5 !important;border-top-style: solid !important;}&#8220;]<div class=\"icon_box icon_position_top no_border\"><div class=\"icon_wrapper\"><div class=\"icon\"><i class=\"\"><\/i><\/div><\/div><div class=\"desc_wrapper\"><h4 class=\"title\">dr. BOY 22 PROCAN CT<\/h4><div class=\"desc\">Schlie\u00dfkraft: 22t<br \/>\nSchraubenabmessung: 18mm<br \/>\nGramm: 18<br \/>\nLaufwerkstyp: Hydraulic drive<\/div><\/div><\/div>\n[\/vc_column][vc_column width=&#8220;1\/3&#8243;][vc_single_image image=&#8220;494&#8243; img_size=&#8220;full&#8220; onclick=&#8220;link_image&#8220; css=&#8220;.vc_custom_1567031342503{margin-bottom: 0px !important;border-top-width: 1px !important;border-right-width: 1px !important;border-left-width: 1px !important;border-left-color: #f5f5f5 !important;border-left-style: solid !important;border-right-color: #f5f5f5 !important;border-right-style: solid !important;border-top-color: #f5f5f5 !important;border-top-style: solid !important;}&#8220;]<div class=\"icon_box icon_position_top no_border\"><div class=\"icon_wrapper\"><div class=\"icon\"><i class=\"\"><\/i><\/div><\/div><div class=\"desc_wrapper\"><h4 class=\"title\">dr. BOY 22 E ALPHA2<\/h4><div class=\"desc\">Schlie\u00dfkraft: 22t<br \/>\nSchraubenabmessung: 22mm<br \/>\nGramm: 30<br \/>\nLaufwerkstyp: Servo drive<\/div><\/div><\/div>\n[\/vc_column][vc_column width=&#8220;1\/3&#8243;][vc_single_image image=&#8220;343&#8243; img_size=&#8220;full&#8220; onclick=&#8220;link_image&#8220; css=&#8220;.vc_custom_1567031314681{margin-bottom: 0px !important;border-top-width: 1px !important;border-right-width: 1px !important;border-left-width: 1px !important;border-left-color: #f5f5f5 !important;border-left-style: solid !important;border-right-color: #f5f5f5 !important;border-right-style: solid !important;border-top-color: #f5f5f5 !important;border-top-style: solid !important;}&#8220;]<div class=\"icon_box icon_position_top no_border\"><div class=\"icon_wrapper\"><div class=\"icon\"><i class=\"\"><\/i><\/div><\/div><div class=\"desc_wrapper\"><h4 class=\"title\">dr. BOY 35 E ALPHA4<\/h4><div class=\"desc\">Schlie\u00dfkraft: 35t<br \/>\nSchraubenabmessung: 28mm<br \/>\nGramm: 53<br \/>\nLaufwerkstyp: Servo drive<br \/>\n<\/div><\/div><\/div>\n[\/vc_column][\/vc_row][vc_row disable_element=&#8220;yes&#8220; css=&#8220;.vc_custom_1685616787514{padding-bottom: 3vh !important;}&#8220; el_class=&#8220;filtertype&#8220;][vc_column width=&#8220;1\/3&#8243;][vc_single_image image=&#8220;485&#8243; img_size=&#8220;full&#8220; onclick=&#8220;link_image&#8220; css=&#8220;.vc_custom_1567031289560{margin-bottom: 0px !important;border-top-width: 1px !important;border-right-width: 1px !important;border-left-width: 1px !important;border-left-color: #f5f5f5 !important;border-left-style: solid !important;border-right-color: #f5f5f5 !important;border-right-style: solid !important;border-top-color: #f5f5f5 !important;border-top-style: solid !important;}&#8220;]<div class=\"icon_box icon_position_top no_border\"><div class=\"icon_wrapper\"><div class=\"icon\"><i class=\"\"><\/i><\/div><\/div><div class=\"desc_wrapper\"><h4 class=\"title\">dr. BOY 55 A PRO ALPHA<\/h4><div class=\"desc\">Schlie\u00dfkraft: 55t<br \/>\nSchraubenabmessung: 28mm<br \/>\nGramm: 67<br \/>\nLaufwerkstyp: Hydraulic drive<\/div><\/div><\/div>\n[\/vc_column][vc_column width=&#8220;1\/3&#8243;][vc_single_image image=&#8220;485&#8243; img_size=&#8220;full&#8220; onclick=&#8220;link_image&#8220; css=&#8220;.vc_custom_1567031289560{margin-bottom: 0px !important;border-top-width: 1px !important;border-right-width: 1px !important;border-left-width: 1px !important;border-left-color: #f5f5f5 !important;border-left-style: solid !important;border-right-color: #f5f5f5 !important;border-right-style: solid !important;border-top-color: #f5f5f5 !important;border-top-style: solid !important;}&#8220;]<div class=\"icon_box icon_position_top no_border\"><div class=\"icon_wrapper\"><div class=\"icon\"><i class=\"\"><\/i><\/div><\/div><div class=\"desc_wrapper\"><h4 class=\"title\">dr. BOY 55 E ALPHA<\/h4><div class=\"desc\">Schlie\u00dfkraft: 55t<br \/>\nSchraubenabmessung: 32mm<br \/>\nGramm: 87<br \/>\nLaufwerkstyp: Servo drive<\/div><\/div><\/div>\n[\/vc_column][vc_column width=&#8220;1\/3&#8243;][vc_single_image image=&#8220;491&#8243; img_size=&#8220;full&#8220; onclick=&#8220;link_image&#8220; css=&#8220;.vc_custom_1567031255566{margin-bottom: 0px !important;border-top-width: 1px !important;border-right-width: 1px !important;border-left-width: 1px !important;border-left-color: #f5f5f5 !important;border-left-style: solid !important;border-right-color: #f5f5f5 !important;border-right-style: solid !important;border-top-color: #f5f5f5 !important;border-top-style: solid !important;}&#8220;]<div class=\"icon_box icon_position_top no_border\"><div class=\"icon_wrapper\"><div class=\"icon\"><i class=\"\"><\/i><\/div><\/div><div class=\"desc_wrapper\"><h4 class=\"title\">ENGEL VICTORY 500\/120<\/h4><div class=\"desc\">Schlie\u00dfkraft: 120t<br \/>\nSchraubenabmessung: 40mm<br \/>\nGramm: 240<br \/>\nLaufwerkstyp: Servo drive<\/div><\/div><\/div>\n[\/vc_column][\/vc_row][vc_row full_width=&#8220;stretch_row&#8220; content_placement=&#8220;middle&#8220; parallax=&#8220;content-moving&#8220; parallax_image=&#8220;455&#8243; css=&#8220;.vc_custom_1567029260537{padding-top: 50px !important;padding-bottom: 50px !important;background-image: url(https:\/\/www.rc-fil.eu\/wp-content\/uploads\/2019\/08\/bg-proizvodne-zmogljivosti-izdelava.jpg?id=455) !important;background-position: center;background-repeat: no-repeat !important;background-size: cover !important;}&#8220; el_class=&#8220;front-info&#8220;][vc_column][vc_headings style=&#8220;theme3&#8243; linewidth=&#8220;130&#8243; borderclr=&#8220;#00aee6&#8243; lineheight=&#8220;&#8220; title=&#8220;WOLLEN SIE IHRE HERSTELLUNGSKOSTEN ZU SENKEN?&#8220; titlesize=&#8220;40&#8243; titleclr=&#8220;#ffffff&#8220;][\/vc_headings][vc_custom_heading text=&#8220;\u00dcbermitteln Sie uns Ihre Anforderungen und wir unterbreiten Ihnen gerne ein unverbindliches Angebot.&#8220; font_container=&#8220;tag:p|font_size:30|text_align:center|color:%23ffffff|line_height:38px&#8220; google_fonts=&#8220;font_family:Open%20Sans%3A300%2C300italic%2Cregular%2Citalic%2C600%2C600italic%2C700%2C700italic%2C800%2C800italic|font_style:400%20regular%3A400%3Anormal&#8220;][vc_empty_space height=&#8220;25px&#8220;][mvc_advanced_button align=&#8220;center&#8220; padding_top=&#8220;20&#8243; btn_size=&#8220;24&#8243; btn_url=&#8220;url:%2Fde%2Fkontakt|||&#8220; btn_clr=&#8220;#00aee6&#8243; btn_bg=&#8220;#ffffff&#8220; btn_text=&#8220;ANFRAGE SENDEN&#8220; btn_hvrclr=&#8220;#00aee6&#8243; btn_hvrbg=&#8220;#ffffff&#8220;][\/vc_column][\/vc_row]<\/p>\n<\/div>","protected":false},"excerpt":{"rendered":"<p>[vc_row full_width=&#8220;stretch_row&#8220; css=&#8220;.vc_custom_1566290525405{padding-top: 2vh !important;padding-bottom: 2vh !important;background-color: #f5f5f5 !important;}&#8220; el_class=&#8220;iconoffer&#8220;][vc_column][vc_headings style=&#8220;theme3&#8243; linewidth=&#8220;130&#8243; borderclr=&#8220;#00aee6&#8243; lineheight=&#8220;&#8220; title=&#8220;Vom Produktmuster bis zur Serienproduktion&#8220; titlesize=&#8220;40&#8243; titleclr=&#8220;#333333&#8243;][\/vc_headings][vc_column_text]Wir stellen f\u00fcr Sie alle Teile<span class=\"excerpt-hellip\"> [\u2026]<\/span><\/p>\n","protected":false},"author":4,"featured_media":0,"parent":0,"menu_order":0,"comment_status":"closed","ping_status":"closed","template":"","meta":{"footnotes":""},"class_list":["post-584","page","type-page","status-publish","hentry"],"_links":{"self":[{"href":"https:\/\/www.rc-fil.eu\/de\/wp-json\/wp\/v2\/pages\/584","targetHints":{"allow":["GET"]}}],"collection":[{"href":"https:\/\/www.rc-fil.eu\/de\/wp-json\/wp\/v2\/pages"}],"about":[{"href":"https:\/\/www.rc-fil.eu\/de\/wp-json\/wp\/v2\/types\/page"}],"author":[{"embeddable":true,"href":"https:\/\/www.rc-fil.eu\/de\/wp-json\/wp\/v2\/users\/4"}],"replies":[{"embeddable":true,"href":"https:\/\/www.rc-fil.eu\/de\/wp-json\/wp\/v2\/comments?post=584"}],"version-history":[{"count":3,"href":"https:\/\/www.rc-fil.eu\/de\/wp-json\/wp\/v2\/pages\/584\/revisions"}],"predecessor-version":[{"id":657,"href":"https:\/\/www.rc-fil.eu\/de\/wp-json\/wp\/v2\/pages\/584\/revisions\/657"}],"wp:attachment":[{"href":"https:\/\/www.rc-fil.eu\/de\/wp-json\/wp\/v2\/media?parent=584"}],"curies":[{"name":"wp","href":"https:\/\/api.w.org\/{rel}","templated":true}]}}